{"id":386,"date":"2025-06-19T06:57:18","date_gmt":"2025-06-19T06:57:18","guid":{"rendered":"https:\/\/www.atamgroup.com.tr\/?page_id=386"},"modified":"2025-06-19T07:33:26","modified_gmt":"2025-06-19T07:33:26","slug":"daha-onceki-projeler","status":"publish","type":"page","link":"https:\/\/www.atamgroup.com.tr\/?page_id=386","title":{"rendered":"Daha \u00f6nceki projeler"},"content":{"rendered":"<style>.elementor-386 .elementor-element.elementor-element-d9c31c1{--display:flex;--flex-direction:column;--container-widget-width:100%;--container-widget-height:initial;--container-widget-flex-grow:0;--container-widget-align-self:initial;--flex-wrap-mobile:wrap;}.elementor-386 .elementor-element.elementor-element-cdea636{--spacer-size:60px;}.elementor-386 .elementor-element.elementor-element-2027668{--display:flex;--flex-direction:column;--container-widget-width:100%;--container-widget-height:initial;--container-widget-flex-grow:0;--container-widget-align-self:initial;--flex-wrap-mobile:wrap;}.elementor-widget-heading .elementor-heading-title{font-family:var( --e-global-typography-primary-font-family ), Sans-serif;font-weight:var( --e-global-typography-primary-font-weight );color:var( --e-global-color-primary );}.elementor-386 .elementor-element.elementor-element-bdb7e06{text-align:center;}.elementor-386 .elementor-element.elementor-element-bdb7e06 .elementor-heading-title{font-family:\"Syne\", Sans-serif;font-size:26px;font-weight:600;}.elementor-386 .elementor-element.elementor-element-bdb7e06 > .elementor-widget-container{margin:0px 0px 0px 0px;}.elementor-386 .elementor-element.elementor-element-8a60002{text-align:center;}.elementor-386 .elementor-element.elementor-element-8a60002 .elementor-heading-title{font-family:\"Syne\", Sans-serif;font-size:26px;font-weight:600;}.elementor-386 .elementor-element.elementor-element-8a60002 > .elementor-widget-container{margin:0px 0px 0px 0px;}.elementor-386 .elementor-element.elementor-element-449d9f8{--display:flex;--flex-direction:column;--container-widget-width:100%;--container-widget-height:initial;--container-widget-flex-grow:0;--container-widget-align-self:initial;--flex-wrap-mobile:wrap;}.elementor-386 .elementor-element.elementor-element-c1cc26c{--spacer-size:50px;}.elementor-386 .elementor-element.elementor-element-2e5a477{--display:flex;}.elementor-386 .elementor-element.elementor-element-1c4ca6f{text-align:center;}.elementor-386 .elementor-element.elementor-element-1c4ca6f .elementor-heading-title{font-family:\"DM Sans\", Sans-serif;font-size:22px;font-weight:600;}.elementor-386 .elementor-element.elementor-element-52fcc80{--display:flex;--flex-direction:column;--container-widget-width:100%;--container-widget-height:initial;--container-widget-flex-grow:0;--container-widget-align-self:initial;--flex-wrap-mobile:wrap;}.elementor-386 .elementor-element.elementor-element-4fa5aca{--spacer-size:30px;}.elementor-widget-image .widget-image-caption{color:var( --e-global-color-text );font-family:var( --e-global-typography-text-font-family ), Sans-serif;font-size:var( --e-global-typography-text-font-size );font-weight:var( --e-global-typography-text-font-weight );}.elementor-386 .elementor-element.elementor-element-67245db{--display:flex;--flex-direction:column;--container-widget-width:100%;--container-widget-height:initial;--container-widget-flex-grow:0;--container-widget-align-self:initial;--flex-wrap-mobile:wrap;}.elementor-386 .elementor-element.elementor-element-b0b5312{--spacer-size:30px;}.elementor-386 .elementor-element.elementor-element-36f6733{--display:flex;}.elementor-386 .elementor-element.elementor-element-06d2c7a{text-align:center;}.elementor-386 .elementor-element.elementor-element-06d2c7a .elementor-heading-title{font-family:\"DM Sans\", Sans-serif;font-size:22px;font-weight:600;}.elementor-386 .elementor-element.elementor-element-e6d1f22{--display:flex;}.elementor-386 .elementor-element.elementor-element-19ac957{--spacer-size:30px;}.elementor-386 .elementor-element.elementor-element-08d73ea{--display:flex;}.elementor-386 .elementor-element.elementor-element-15a2401{--display:flex;}.elementor-386 .elementor-element.elementor-element-35bebd8{--spacer-size:30px;}.elementor-386 .elementor-element.elementor-element-25d1e5e{--display:flex;}.elementor-386 .elementor-element.elementor-element-d73c4d6{text-align:center;}.elementor-386 .elementor-element.elementor-element-d73c4d6 .elementor-heading-title{font-family:\"DM Sans\", Sans-serif;font-size:22px;font-weight:600;}.elementor-386 .elementor-element.elementor-element-7e8cddd{--display:flex;}.elementor-386 .elementor-element.elementor-element-8ac7ec4{--spacer-size:30px;}.elementor-386 .elementor-element.elementor-element-b7c359d{--display:flex;}.elementor-386 .elementor-element.elementor-element-61b14f4{--display:flex;}.elementor-386 .elementor-element.elementor-element-9d63a84{--spacer-size:30px;}.elementor-386 .elementor-element.elementor-element-329ed2e{--display:flex;}.elementor-386 .elementor-element.elementor-element-2b3946a{text-align:center;}.elementor-386 .elementor-element.elementor-element-2b3946a .elementor-heading-title{font-family:\"DM Sans\", Sans-serif;font-size:22px;font-weight:600;}.elementor-386 .elementor-element.elementor-element-03a0d2c{--display:flex;}.elementor-386 .elementor-element.elementor-element-60b8be8{--display:flex;--flex-direction:column;--container-widget-width:100%;--container-widget-height:initial;--container-widget-flex-grow:0;--container-widget-align-self:initial;--flex-wrap-mobile:wrap;}.elementor-386 .elementor-element.elementor-element-c34856d{--spacer-size:50px;}@media(max-width:1024px){.elementor-widget-image .widget-image-caption{font-size:var( --e-global-typography-text-font-size );}}@media(max-width:767px){.elementor-widget-image .widget-image-caption{font-size:var( --e-global-typography-text-font-size );}}<\/style>\t\t<div data-elementor-type=\"wp-page\" data-elementor-id=\"386\" class=\"elementor elementor-386\" data-elementor-post-type=\"page\">\n\t\t\t\t<div class=\"elementor-element elementor-element-d9c31c1 e-flex e-con-boxed e-con e-parent\" data-id=\"d9c31c1\" data-element_type=\"container\" data-e-type=\"container\">\n\t\t\t\t\t<div class=\"e-con-inner\">\n\t\t\t\t<div class=\"elementor-element elementor-element-cdea636 elementor-widget elementor-widget-spacer\" data-id=\"cdea636\" data-element_type=\"widget\" data-e-type=\"widget\" data-widget_type=\"spacer.default\">\n\t\t\t\t<div class=\"elementor-widget-container\">\n\t\t\t\t\t\t\t<div class=\"elementor-spacer\">\n\t\t\t<div class=\"elementor-spacer-inner\"><\/div>\n\t\t<\/div>\n\t\t\t\t\t\t<\/div>\n\t\t\t\t<\/div>\n\t\t\t\t\t<\/div>\n\t\t\t\t<\/div>\n\t\t<div class=\"elementor-element elementor-element-2027668 e-flex e-con-boxed e-con e-parent\" data-id=\"2027668\" data-element_type=\"container\" data-e-type=\"container\">\n\t\t\t\t\t<div class=\"e-con-inner\">\n\t\t\t\t<div class=\"elementor-element elementor-element-bdb7e06 elementor-invisible elementor-widget elementor-widget-heading\" data-id=\"bdb7e06\" data-element_type=\"widget\" data-e-type=\"widget\" data-settings=\"{&quot;_animation&quot;:&quot;fadeInDown&quot;}\" data-widget_type=\"heading.default\">\n\t\t\t\t<div class=\"elementor-widget-container\">\n\t\t\t\t\t<h2 class=\"elementor-heading-title elementor-size-default\">ATAM GROUP olarak, y\u0131llar\u0131n getirdi\u011fi tecr\u00fcbe ve m\u00fchendislik g\u00fcc\u00fcm\u00fczle bir\u00e7ok ba\u015far\u0131l\u0131 projeyi hayata ge\u00e7irdik. Modern tasar\u0131m anlay\u0131\u015f\u0131, kaliteli malzeme kullan\u0131m\u0131 ve m\u00fc\u015fteri memnuniyetine verdi\u011fimiz \u00f6nem sayesinde her projede fark yaratt\u0131k.\n\n<\/h2>\t\t\t\t<\/div>\n\t\t\t\t<\/div>\n\t\t\t\t<div class=\"elementor-element elementor-element-8a60002 elementor-invisible elementor-widget elementor-widget-heading\" data-id=\"8a60002\" data-element_type=\"widget\" data-e-type=\"widget\" data-settings=\"{&quot;_animation&quot;:&quot;fadeInDown&quot;}\" data-widget_type=\"heading.default\">\n\t\t\t\t<div class=\"elementor-widget-container\">\n\t\t\t\t\t<h2 class=\"elementor-heading-title elementor-size-default\">Bu s\u00fcre\u00e7te, <b>Vane Yap\u0131<\/b> ile ger\u00e7ekle\u015ftirdi\u011fimiz i\u015f birlikleri sayesinde daha b\u00fcy\u00fck ve kapsaml\u0131 projelere imza att\u0131k. G\u00fc\u00e7l\u00fc ortakl\u0131klarla tamamlad\u0131\u011f\u0131m\u0131z bu projeler, hem ya\u015fam kalitesini art\u0131rmakta hem de yat\u0131r\u0131m de\u011feri y\u00fcksek yap\u0131lar sunmaktad\u0131r.<\/h2>\t\t\t\t<\/div>\n\t\t\t\t<\/div>\n\t\t\t\t\t<\/div>\n\t\t\t\t<\/div>\n\t\t<div class=\"elementor-element elementor-element-449d9f8 e-flex e-con-boxed e-con e-parent\" data-id=\"449d9f8\" data-element_type=\"container\" data-e-type=\"container\">\n\t\t\t\t\t<div class=\"e-con-inner\">\n\t\t\t\t<div class=\"elementor-element elementor-element-c1cc26c elementor-widget elementor-widget-spacer\" data-id=\"c1cc26c\" data-element_type=\"widget\" data-e-type=\"widget\" data-widget_type=\"spacer.default\">\n\t\t\t\t<div class=\"elementor-widget-container\">\n\t\t\t\t\t\t\t<div class=\"elementor-spacer\">\n\t\t\t<div class=\"elementor-spacer-inner\"><\/div>\n\t\t<\/div>\n\t\t\t\t\t\t<\/div>\n\t\t\t\t<\/div>\n\t\t\t\t\t<\/div>\n\t\t\t\t<\/div>\n\t\t<div class=\"elementor-element elementor-element-2e5a477 e-flex e-con-boxed e-con e-parent\" data-id=\"2e5a477\" data-element_type=\"container\" data-e-type=\"container\">\n\t\t\t\t\t<div class=\"e-con-inner\">\n\t\t\t\t<div class=\"elementor-element elementor-element-1c4ca6f elementor-widget elementor-widget-heading\" data-id=\"1c4ca6f\" data-element_type=\"widget\" data-e-type=\"widget\" data-widget_type=\"heading.default\">\n\t\t\t\t<div class=\"elementor-widget-container\">\n\t\t\t\t\t<h2 class=\"elementor-heading-title elementor-size-default\">Yo\u011furtluk park projesi<\/h2>\t\t\t\t<\/div>\n\t\t\t\t<\/div>\n\t\t\t\t\t<\/div>\n\t\t\t\t<\/div>\n\t\t<div class=\"elementor-element elementor-element-52fcc80 e-flex e-con-boxed e-con e-parent\" data-id=\"52fcc80\" data-element_type=\"container\" data-e-type=\"container\">\n\t\t\t\t\t<div class=\"e-con-inner\">\n\t\t\t\t<div class=\"elementor-element elementor-element-4fa5aca elementor-widget elementor-widget-spacer\" data-id=\"4fa5aca\" data-element_type=\"widget\" data-e-type=\"widget\" data-widget_type=\"spacer.default\">\n\t\t\t\t<div class=\"elementor-widget-container\">\n\t\t\t\t\t\t\t<div class=\"elementor-spacer\">\n\t\t\t<div class=\"elementor-spacer-inner\"><\/div>\n\t\t<\/div>\n\t\t\t\t\t\t<\/div>\n\t\t\t\t<\/div>\n\t\t\t\t<div class=\"elementor-element elementor-element-9c3b6ba elementor-widget elementor-widget-image\" data-id=\"9c3b6ba\" data-element_type=\"widget\" data-e-type=\"widget\" data-widget_type=\"image.default\">\n\t\t\t\t<div class=\"elementor-widget-container\">\n\t\t\t\t\t\t\t\t\t\t\t\t\t\t\t<img decoding=\"async\" src=\"https:\/\/www.atamgroup.com.tr\/wp-content\/uploads\/2025\/06\/WhatsApp-Image-2025-06-18-at-11.39.31_a8cedd8b-2.jpg\" title=\"WhatsApp Image 2025-06-18 at 11.39.31_a8cedd8b\" alt=\"WhatsApp Image 2025-06-18 at 11.39.31_a8cedd8b\" loading=\"lazy\" \/>\t\t\t\t\t\t\t\t\t\t\t\t\t\t\t<\/div>\n\t\t\t\t<\/div>\n\t\t\t\t\t<\/div>\n\t\t\t\t<\/div>\n\t\t<div class=\"elementor-element elementor-element-67245db e-flex e-con-boxed e-con e-parent\" data-id=\"67245db\" data-element_type=\"container\" data-e-type=\"container\">\n\t\t\t\t\t<div class=\"e-con-inner\">\n\t\t\t\t<div class=\"elementor-element elementor-element-b0b5312 elementor-widget elementor-widget-spacer\" data-id=\"b0b5312\" data-element_type=\"widget\" data-e-type=\"widget\" data-widget_type=\"spacer.default\">\n\t\t\t\t<div class=\"elementor-widget-container\">\n\t\t\t\t\t\t\t<div class=\"elementor-spacer\">\n\t\t\t<div class=\"elementor-spacer-inner\"><\/div>\n\t\t<\/div>\n\t\t\t\t\t\t<\/div>\n\t\t\t\t<\/div>\n\t\t\t\t\t<\/div>\n\t\t\t\t<\/div>\n\t\t<div class=\"elementor-element elementor-element-36f6733 e-flex e-con-boxed e-con e-parent\" data-id=\"36f6733\" data-element_type=\"container\" data-e-type=\"container\">\n\t\t\t\t\t<div class=\"e-con-inner\">\n\t\t\t\t<div class=\"elementor-element elementor-element-06d2c7a elementor-widget elementor-widget-heading\" data-id=\"06d2c7a\" data-element_type=\"widget\" data-e-type=\"widget\" data-widget_type=\"heading.default\">\n\t\t\t\t<div class=\"elementor-widget-container\">\n\t\t\t\t\t<h2 class=\"elementor-heading-title elementor-size-default\">Moda projesi<\/h2>\t\t\t\t<\/div>\n\t\t\t\t<\/div>\n\t\t\t\t\t<\/div>\n\t\t\t\t<\/div>\n\t\t<div class=\"elementor-element elementor-element-e6d1f22 e-flex e-con-boxed e-con e-parent\" data-id=\"e6d1f22\" data-element_type=\"container\" data-e-type=\"container\">\n\t\t\t\t\t<div class=\"e-con-inner\">\n\t\t\t\t<div class=\"elementor-element elementor-element-19ac957 elementor-widget elementor-widget-spacer\" data-id=\"19ac957\" data-element_type=\"widget\" data-e-type=\"widget\" data-widget_type=\"spacer.default\">\n\t\t\t\t<div class=\"elementor-widget-container\">\n\t\t\t\t\t\t\t<div class=\"elementor-spacer\">\n\t\t\t<div class=\"elementor-spacer-inner\"><\/div>\n\t\t<\/div>\n\t\t\t\t\t\t<\/div>\n\t\t\t\t<\/div>\n\t\t\t\t\t<\/div>\n\t\t\t\t<\/div>\n\t\t<div class=\"elementor-element elementor-element-08d73ea e-flex e-con-boxed e-con e-parent\" data-id=\"08d73ea\" data-element_type=\"container\" data-e-type=\"container\">\n\t\t\t\t\t<div class=\"e-con-inner\">\n\t\t\t\t<div class=\"elementor-element elementor-element-7b4fd1a elementor-widget elementor-widget-image\" data-id=\"7b4fd1a\" data-element_type=\"widget\" data-e-type=\"widget\" data-widget_type=\"image.default\">\n\t\t\t\t<div class=\"elementor-widget-container\">\n\t\t\t\t\t\t\t\t\t\t\t\t\t\t\t<img fetchpriority=\"high\" decoding=\"async\" width=\"370\" height=\"500\" src=\"https:\/\/www.atamgroup.com.tr\/wp-content\/uploads\/2025\/06\/WhatsApp-Image-2025-06-18-at-11.39.38_66d32fc1-2.jpg\" class=\"attachment-full size-full wp-image-404\" alt=\"\" srcset=\"https:\/\/www.atamgroup.com.tr\/wp-content\/uploads\/2025\/06\/WhatsApp-Image-2025-06-18-at-11.39.38_66d32fc1-2.jpg 370w, https:\/\/www.atamgroup.com.tr\/wp-content\/uploads\/2025\/06\/WhatsApp-Image-2025-06-18-at-11.39.38_66d32fc1-2-222x300.jpg 222w\" sizes=\"(max-width: 370px) 100vw, 370px\" \/>\t\t\t\t\t\t\t\t\t\t\t\t\t\t\t<\/div>\n\t\t\t\t<\/div>\n\t\t\t\t\t<\/div>\n\t\t\t\t<\/div>\n\t\t<div class=\"elementor-element elementor-element-15a2401 e-flex e-con-boxed e-con e-parent\" data-id=\"15a2401\" data-element_type=\"container\" data-e-type=\"container\">\n\t\t\t\t\t<div class=\"e-con-inner\">\n\t\t\t\t<div class=\"elementor-element elementor-element-35bebd8 elementor-widget elementor-widget-spacer\" data-id=\"35bebd8\" data-element_type=\"widget\" data-e-type=\"widget\" data-widget_type=\"spacer.default\">\n\t\t\t\t<div class=\"elementor-widget-container\">\n\t\t\t\t\t\t\t<div class=\"elementor-spacer\">\n\t\t\t<div class=\"elementor-spacer-inner\"><\/div>\n\t\t<\/div>\n\t\t\t\t\t\t<\/div>\n\t\t\t\t<\/div>\n\t\t\t\t\t<\/div>\n\t\t\t\t<\/div>\n\t\t<div class=\"elementor-element elementor-element-25d1e5e e-flex e-con-boxed e-con e-parent\" data-id=\"25d1e5e\" data-element_type=\"container\" data-e-type=\"container\">\n\t\t\t\t\t<div class=\"e-con-inner\">\n\t\t\t\t<div class=\"elementor-element elementor-element-d73c4d6 elementor-widget elementor-widget-heading\" data-id=\"d73c4d6\" data-element_type=\"widget\" data-e-type=\"widget\" data-widget_type=\"heading.default\">\n\t\t\t\t<div class=\"elementor-widget-container\">\n\t\t\t\t\t<h2 class=\"elementor-heading-title elementor-size-default\">Kuyuba\u015f\u0131 projesi<\/h2>\t\t\t\t<\/div>\n\t\t\t\t<\/div>\n\t\t\t\t\t<\/div>\n\t\t\t\t<\/div>\n\t\t<div class=\"elementor-element elementor-element-7e8cddd e-flex e-con-boxed e-con e-parent\" data-id=\"7e8cddd\" data-element_type=\"container\" data-e-type=\"container\">\n\t\t\t\t\t<div class=\"e-con-inner\">\n\t\t\t\t<div class=\"elementor-element elementor-element-8ac7ec4 elementor-widget elementor-widget-spacer\" data-id=\"8ac7ec4\" data-element_type=\"widget\" data-e-type=\"widget\" data-widget_type=\"spacer.default\">\n\t\t\t\t<div class=\"elementor-widget-container\">\n\t\t\t\t\t\t\t<div class=\"elementor-spacer\">\n\t\t\t<div class=\"elementor-spacer-inner\"><\/div>\n\t\t<\/div>\n\t\t\t\t\t\t<\/div>\n\t\t\t\t<\/div>\n\t\t\t\t\t<\/div>\n\t\t\t\t<\/div>\n\t\t<div class=\"elementor-element elementor-element-b7c359d e-flex e-con-boxed e-con e-parent\" data-id=\"b7c359d\" data-element_type=\"container\" data-e-type=\"container\">\n\t\t\t\t\t<div class=\"e-con-inner\">\n\t\t\t\t<div class=\"elementor-element elementor-element-cc3edd4 elementor-widget elementor-widget-image\" data-id=\"cc3edd4\" data-element_type=\"widget\" data-e-type=\"widget\" data-widget_type=\"image.default\">\n\t\t\t\t<div class=\"elementor-widget-container\">\n\t\t\t\t\t\t\t\t\t\t\t\t\t\t\t<img decoding=\"async\" width=\"327\" height=\"500\" src=\"https:\/\/www.atamgroup.com.tr\/wp-content\/uploads\/2025\/06\/WhatsApp-Image-2025-06-18-at-11.39.54_a389b42f-1.jpg\" class=\"attachment-full size-full wp-image-405\" alt=\"\" srcset=\"https:\/\/www.atamgroup.com.tr\/wp-content\/uploads\/2025\/06\/WhatsApp-Image-2025-06-18-at-11.39.54_a389b42f-1.jpg 327w, https:\/\/www.atamgroup.com.tr\/wp-content\/uploads\/2025\/06\/WhatsApp-Image-2025-06-18-at-11.39.54_a389b42f-1-196x300.jpg 196w\" sizes=\"(max-width: 327px) 100vw, 327px\" \/>\t\t\t\t\t\t\t\t\t\t\t\t\t\t\t<\/div>\n\t\t\t\t<\/div>\n\t\t\t\t\t<\/div>\n\t\t\t\t<\/div>\n\t\t<div class=\"elementor-element elementor-element-61b14f4 e-flex e-con-boxed e-con e-parent\" data-id=\"61b14f4\" data-element_type=\"container\" data-e-type=\"container\">\n\t\t\t\t\t<div class=\"e-con-inner\">\n\t\t\t\t<div class=\"elementor-element elementor-element-9d63a84 elementor-widget elementor-widget-spacer\" data-id=\"9d63a84\" data-element_type=\"widget\" data-e-type=\"widget\" data-widget_type=\"spacer.default\">\n\t\t\t\t<div class=\"elementor-widget-container\">\n\t\t\t\t\t\t\t<div class=\"elementor-spacer\">\n\t\t\t<div class=\"elementor-spacer-inner\"><\/div>\n\t\t<\/div>\n\t\t\t\t\t\t<\/div>\n\t\t\t\t<\/div>\n\t\t\t\t\t<\/div>\n\t\t\t\t<\/div>\n\t\t<div class=\"elementor-element elementor-element-329ed2e e-flex e-con-boxed e-con e-parent\" data-id=\"329ed2e\" data-element_type=\"container\" data-e-type=\"container\">\n\t\t\t\t\t<div class=\"e-con-inner\">\n\t\t\t\t<div class=\"elementor-element elementor-element-2b3946a elementor-widget elementor-widget-heading\" data-id=\"2b3946a\" data-element_type=\"widget\" data-e-type=\"widget\" data-widget_type=\"heading.default\">\n\t\t\t\t<div class=\"elementor-widget-container\">\n\t\t\t\t\t<h2 class=\"elementor-heading-title elementor-size-default\">T\u00fcccarba\u015f\u0131 projesi<\/h2>\t\t\t\t<\/div>\n\t\t\t\t<\/div>\n\t\t\t\t\t<\/div>\n\t\t\t\t<\/div>\n\t\t<div class=\"elementor-element elementor-element-03a0d2c e-flex e-con-boxed e-con e-parent\" data-id=\"03a0d2c\" data-element_type=\"container\" data-e-type=\"container\">\n\t\t\t\t\t<div class=\"e-con-inner\">\n\t\t\t\t<div class=\"elementor-element elementor-element-b50d923 elementor-widget elementor-widget-image\" data-id=\"b50d923\" data-element_type=\"widget\" data-e-type=\"widget\" data-widget_type=\"image.default\">\n\t\t\t\t<div class=\"elementor-widget-container\">\n\t\t\t\t\t\t\t\t\t\t\t\t\t\t\t<img decoding=\"async\" width=\"379\" height=\"500\" src=\"https:\/\/www.atamgroup.com.tr\/wp-content\/uploads\/2025\/06\/WhatsApp-Image-2025-06-18-at-11.40.15_b6ba1acd-1.jpg\" class=\"attachment-full size-full wp-image-406\" alt=\"\" srcset=\"https:\/\/www.atamgroup.com.tr\/wp-content\/uploads\/2025\/06\/WhatsApp-Image-2025-06-18-at-11.40.15_b6ba1acd-1.jpg 379w, https:\/\/www.atamgroup.com.tr\/wp-content\/uploads\/2025\/06\/WhatsApp-Image-2025-06-18-at-11.40.15_b6ba1acd-1-227x300.jpg 227w\" sizes=\"(max-width: 379px) 100vw, 379px\" \/>\t\t\t\t\t\t\t\t\t\t\t\t\t\t\t<\/div>\n\t\t\t\t<\/div>\n\t\t\t\t\t<\/div>\n\t\t\t\t<\/div>\n\t\t<div class=\"elementor-element elementor-element-60b8be8 e-flex e-con-boxed e-con e-parent\" data-id=\"60b8be8\" data-element_type=\"container\" data-e-type=\"container\">\n\t\t\t\t\t<div class=\"e-con-inner\">\n\t\t\t\t<div class=\"elementor-element elementor-element-c34856d elementor-widget elementor-widget-spacer\" data-id=\"c34856d\" data-element_type=\"widget\" data-e-type=\"widget\" data-widget_type=\"spacer.default\">\n\t\t\t\t<div class=\"elementor-widget-container\">\n\t\t\t\t\t\t\t<div class=\"elementor-spacer\">\n\t\t\t<div class=\"elementor-spacer-inner\"><\/div>\n\t\t<\/div>\n\t\t\t\t\t\t<\/div>\n\t\t\t\t<\/div>\n\t\t\t\t\t<\/div>\n\t\t\t\t<\/div>\n\t\t\t\t<\/div>\n\t\t","protected":false},"excerpt":{"rendered":"<p>ATAM GROUP olarak, y\u0131llar\u0131n getirdi\u011fi tecr\u00fcbe ve m\u00fchendislik g\u00fcc\u00fcm\u00fczle bir\u00e7ok ba\u015far\u0131l\u0131 projeyi hayata ge\u00e7irdik. Modern tasar\u0131m anlay\u0131\u015f\u0131, kaliteli malzeme kullan\u0131m\u0131 ve m\u00fc\u015fteri memnuniyetine verdi\u011fimiz \u00f6nem sayesinde her projede fark yaratt\u0131k. Bu s\u00fcre\u00e7te, Vane Yap\u0131 ile ger\u00e7ekle\u015ftirdi\u011fimiz i\u015f birlikleri sayesinde daha b\u00fcy\u00fck ve kapsaml\u0131 projelere imza att\u0131k. G\u00fc\u00e7l\u00fc ortakl\u0131klarla tamamlad\u0131\u011f\u0131m\u0131z bu projeler, hem ya\u015fam kalitesini art\u0131rmakta&#8230;<\/p>\n","protected":false},"author":1,"featured_media":0,"parent":0,"menu_order":0,"comment_status":"closed","ping_status":"closed","template":"","meta":{"_kad_post_transparent":"","_kad_post_title":"hide","_kad_post_layout":"fullwidth","_kad_post_sidebar_id":"","_kad_post_content_style":"unboxed","_kad_post_vertical_padding":"hide","_kad_post_feature":"hide","_kad_post_feature_position":"","_kad_post_header":false,"_kad_post_footer":false,"_kad_post_classname":"","footnotes":""},"class_list":["post-386","page","type-page","status-publish","hentry"],"_links":{"self":[{"href":"https:\/\/www.atamgroup.com.tr\/index.php?rest_route=\/wp\/v2\/pages\/386","targetHints":{"allow":["GET"]}}],"collection":[{"href":"https:\/\/www.atamgroup.com.tr\/index.php?rest_route=\/wp\/v2\/pages"}],"about":[{"href":"https:\/\/www.atamgroup.com.tr\/index.php?rest_route=\/wp\/v2\/types\/page"}],"author":[{"embeddable":true,"href":"https:\/\/www.atamgroup.com.tr\/index.php?rest_route=\/wp\/v2\/users\/1"}],"replies":[{"embeddable":true,"href":"https:\/\/www.atamgroup.com.tr\/index.php?rest_route=%2Fwp%2Fv2%2Fcomments&post=386"}],"version-history":[{"count":13,"href":"https:\/\/www.atamgroup.com.tr\/index.php?rest_route=\/wp\/v2\/pages\/386\/revisions"}],"predecessor-version":[{"id":412,"href":"https:\/\/www.atamgroup.com.tr\/index.php?rest_route=\/wp\/v2\/pages\/386\/revisions\/412"}],"wp:attachment":[{"href":"https:\/\/www.atamgroup.com.tr\/index.php?rest_route=%2Fwp%2Fv2%2Fmedia&parent=386"}],"curies":[{"name":"wp","href":"https:\/\/api.w.org\/{rel}","templated":true}]}}