{"id":265,"date":"2025-06-12T14:05:50","date_gmt":"2025-06-12T14:05:50","guid":{"rendered":"https:\/\/www.atamgroup.com.tr\/?page_id=265"},"modified":"2025-06-12T15:00:33","modified_gmt":"2025-06-12T15:00:33","slug":"hakkimizda","status":"publish","type":"page","link":"https:\/\/www.atamgroup.com.tr\/?page_id=265","title":{"rendered":"About Us"},"content":{"rendered":"<style>.elementor-265 .elementor-element.elementor-element-9a13968{--display:flex;--flex-direction:column;--container-widget-width:100%;--container-widget-height:initial;--container-widget-flex-grow:0;--container-widget-align-self:initial;--flex-wrap-mobile:wrap;}.elementor-265 .elementor-element.elementor-element-4e0e538{--spacer-size:100px;}.elementor-265 .elementor-element.elementor-element-8e88f1a{--display:flex;--flex-direction:column;--container-widget-width:100%;--container-widget-height:initial;--container-widget-flex-grow:0;--container-widget-align-self:initial;--flex-wrap-mobile:wrap;}.elementor-widget-heading .elementor-heading-title{font-family:var( --e-global-typography-primary-font-family ), Sans-serif;font-weight:var( --e-global-typography-primary-font-weight );color:var( --e-global-color-primary );}.elementor-265 .elementor-element.elementor-element-d3328a0{text-align:center;}.elementor-265 .elementor-element.elementor-element-d3328a0 .elementor-heading-title{font-family:\"Syne\", Sans-serif;font-size:40px;font-weight:700;line-height:52px;letter-spacing:-0.3px;word-spacing:0px;}.elementor-265 .elementor-element.elementor-element-96a7f5b{--display:flex;}.elementor-265 .elementor-element.elementor-element-d7470a2{text-align:center;}.elementor-265 .elementor-element.elementor-element-d7470a2 .elementor-heading-title{font-family:\"DM Sans\", Sans-serif;font-size:22px;font-weight:400;}.elementor-265 .elementor-element.elementor-element-7244158{text-align:center;}.elementor-265 .elementor-element.elementor-element-7244158 .elementor-heading-title{font-family:\"DM Sans\", Sans-serif;font-size:22px;font-weight:400;}.elementor-265 .elementor-element.elementor-element-53bd656{text-align:center;}.elementor-265 .elementor-element.elementor-element-53bd656 .elementor-heading-title{font-family:\"DM Sans\", Sans-serif;font-size:22px;font-weight:400;}.elementor-265 .elementor-element.elementor-element-1f8643b{--display:flex;--flex-direction:column;--container-widget-width:100%;--container-widget-height:initial;--container-widget-flex-grow:0;--container-widget-align-self:initial;--flex-wrap-mobile:wrap;}.elementor-265 .elementor-element.elementor-element-29d293c{--spacer-size:100px;}<\/style>\t\t<div data-elementor-type=\"wp-page\" data-elementor-id=\"265\" class=\"elementor elementor-265\" data-elementor-post-type=\"page\">\n\t\t\t\t<div class=\"elementor-element elementor-element-9a13968 e-flex e-con-boxed e-con e-parent\" data-id=\"9a13968\" data-element_type=\"container\" data-e-type=\"container\">\n\t\t\t\t\t<div class=\"e-con-inner\">\n\t\t\t\t<div class=\"elementor-element elementor-element-4e0e538 elementor-widget elementor-widget-spacer\" data-id=\"4e0e538\" data-element_type=\"widget\" data-e-type=\"widget\" data-widget_type=\"spacer.default\">\n\t\t\t\t<div class=\"elementor-widget-container\">\n\t\t\t\t\t\t\t<div class=\"elementor-spacer\">\n\t\t\t<div class=\"elementor-spacer-inner\"><\/div>\n\t\t<\/div>\n\t\t\t\t\t\t<\/div>\n\t\t\t\t<\/div>\n\t\t\t\t\t<\/div>\n\t\t\t\t<\/div>\n\t\t<div class=\"elementor-element elementor-element-8e88f1a e-flex e-con-boxed e-con e-parent\" data-id=\"8e88f1a\" data-element_type=\"container\" data-e-type=\"container\">\n\t\t\t\t\t<div class=\"e-con-inner\">\n\t\t\t\t<div class=\"elementor-element elementor-element-d3328a0 elementor-invisible elementor-widget elementor-widget-heading\" data-id=\"d3328a0\" data-element_type=\"widget\" data-e-type=\"widget\" data-settings=\"{&quot;_animation&quot;:&quot;slideInLeft&quot;}\" data-widget_type=\"heading.default\">\n\t\t\t\t<div class=\"elementor-widget-container\">\n\t\t\t\t\t<h2 class=\"elementor-heading-title elementor-size-default\">Hakk\u0131m\u0131zda<\/h2>\t\t\t\t<\/div>\n\t\t\t\t<\/div>\n\t\t\t\t\t<\/div>\n\t\t\t\t<\/div>\n\t\t<div class=\"elementor-element elementor-element-96a7f5b e-flex e-con-boxed e-con e-parent\" data-id=\"96a7f5b\" data-element_type=\"container\" data-e-type=\"container\">\n\t\t\t\t\t<div class=\"e-con-inner\">\n\t\t\t\t<div class=\"elementor-element elementor-element-d7470a2 elementor-invisible elementor-widget elementor-widget-heading\" data-id=\"d7470a2\" data-element_type=\"widget\" data-e-type=\"widget\" data-settings=\"{&quot;_animation&quot;:&quot;fadeInUp&quot;}\" data-widget_type=\"heading.default\">\n\t\t\t\t<div class=\"elementor-widget-container\">\n\t\t\t\t\t<h2 class=\"elementor-heading-title elementor-size-default\">ATAM GROUP olarak, in\u015faat sekt\u00f6r\u00fcnde edindi\u011fimiz 25 y\u0131l\u0131 a\u015fk\u0131n tecr\u00fcbemizle ya\u015fam alanlar\u0131n\u0131 gelece\u011fe ta\u015f\u0131yoruz. Konut, ticari yap\u0131 ve \u00f6zel proje \u00e7\u00f6z\u00fcmlerinde kaliteyi, g\u00fcveni ve s\u00fcrd\u00fcr\u00fclebilirli\u011fi temel ilke edindik.<\/h2>\t\t\t\t<\/div>\n\t\t\t\t<\/div>\n\t\t\t\t<div class=\"elementor-element elementor-element-7244158 elementor-invisible elementor-widget elementor-widget-heading\" data-id=\"7244158\" data-element_type=\"widget\" data-e-type=\"widget\" data-settings=\"{&quot;_animation&quot;:&quot;fadeInUp&quot;}\" data-widget_type=\"heading.default\">\n\t\t\t\t<div class=\"elementor-widget-container\">\n\t\t\t\t\t<h2 class=\"elementor-heading-title elementor-size-default\">Her projede estetik tasar\u0131m, m\u00fchendislik g\u00fcc\u00fc ve m\u00fc\u015fteri memnuniyetini bir araya getirerek sadece yap\u0131lar de\u011fil, ayn\u0131 zamanda ya\u015fam bi\u00e7imleri in\u015fa ediyoruz. Uzman kadromuzla; planlamadan anahtar teslimine kadar t\u00fcm s\u00fcre\u00e7lerde \u015feffaf, profesyonel ve \u00e7\u00f6z\u00fcm odakl\u0131 hizmet sunuyoruz.<\/h2>\t\t\t\t<\/div>\n\t\t\t\t<\/div>\n\t\t\t\t<div class=\"elementor-element elementor-element-53bd656 elementor-invisible elementor-widget elementor-widget-heading\" data-id=\"53bd656\" data-element_type=\"widget\" data-e-type=\"widget\" data-settings=\"{&quot;_animation&quot;:&quot;fadeInUp&quot;}\" data-widget_type=\"heading.default\">\n\t\t\t\t<div class=\"elementor-widget-container\">\n\t\t\t\t\t<h2 class=\"elementor-heading-title elementor-size-default\">ATAM GROUP, sadece bug\u00fcn i\u00e7in de\u011fil; yar\u0131nlar i\u00e7in de de\u011fer yaratma vizyonuyla hareket eder. Bu do\u011frultuda teknolojiyi yak\u0131ndan takip eder, \u00e7evreye duyarl\u0131 projelere imza atar ve her zaman daha iyisini hedefleriz.<\/h2>\t\t\t\t<\/div>\n\t\t\t\t<\/div>\n\t\t\t\t\t<\/div>\n\t\t\t\t<\/div>\n\t\t<div class=\"elementor-element elementor-element-1f8643b e-flex e-con-boxed e-con e-parent\" data-id=\"1f8643b\" data-element_type=\"container\" data-e-type=\"container\">\n\t\t\t\t\t<div class=\"e-con-inner\">\n\t\t\t\t<div class=\"elementor-element elementor-element-29d293c elementor-widget elementor-widget-spacer\" data-id=\"29d293c\" data-element_type=\"widget\" data-e-type=\"widget\" data-widget_type=\"spacer.default\">\n\t\t\t\t<div class=\"elementor-widget-container\">\n\t\t\t\t\t\t\t<div class=\"elementor-spacer\">\n\t\t\t<div class=\"elementor-spacer-inner\"><\/div>\n\t\t<\/div>\n\t\t\t\t\t\t<\/div>\n\t\t\t\t<\/div>\n\t\t\t\t\t<\/div>\n\t\t\t\t<\/div>\n\t\t\t\t<\/div>\n\t\t","protected":false},"excerpt":{"rendered":"<p>Hakk\u0131m\u0131zda ATAM GROUP olarak, in\u015faat sekt\u00f6r\u00fcnde edindi\u011fimiz 25 y\u0131l\u0131 a\u015fk\u0131n tecr\u00fcbemizle ya\u015fam alanlar\u0131n\u0131 gelece\u011fe ta\u015f\u0131yoruz. Konut, ticari yap\u0131 ve \u00f6zel proje \u00e7\u00f6z\u00fcmlerinde kaliteyi, g\u00fcveni ve s\u00fcrd\u00fcr\u00fclebilirli\u011fi temel ilke edindik. Her projede estetik tasar\u0131m, m\u00fchendislik g\u00fcc\u00fc ve m\u00fc\u015fteri memnuniyetini bir araya getirerek sadece yap\u0131lar de\u011fil, ayn\u0131 zamanda ya\u015fam bi\u00e7imleri in\u015fa ediyoruz. Uzman kadromuzla; planlamadan anahtar teslimine&#8230;<\/p>\n","protected":false},"author":1,"featured_media":0,"parent":0,"menu_order":0,"comment_status":"closed","ping_status":"closed","template":"","meta":{"_kad_post_transparent":"","_kad_post_title":"hide","_kad_post_layout":"fullwidth","_kad_post_sidebar_id":"","_kad_post_content_style":"unboxed","_kad_post_vertical_padding":"hide","_kad_post_feature":"hide","_kad_post_feature_position":"","_kad_post_header":false,"_kad_post_footer":false,"_kad_post_classname":"","footnotes":""},"class_list":["post-265","page","type-page","status-publish","hentry"],"_links":{"self":[{"href":"https:\/\/www.atamgroup.com.tr\/index.php?rest_route=\/wp\/v2\/pages\/265","targetHints":{"allow":["GET"]}}],"collection":[{"href":"https:\/\/www.atamgroup.com.tr\/index.php?rest_route=\/wp\/v2\/pages"}],"about":[{"href":"https:\/\/www.atamgroup.com.tr\/index.php?rest_route=\/wp\/v2\/types\/page"}],"author":[{"embeddable":true,"href":"https:\/\/www.atamgroup.com.tr\/index.php?rest_route=\/wp\/v2\/users\/1"}],"replies":[{"embeddable":true,"href":"https:\/\/www.atamgroup.com.tr\/index.php?rest_route=%2Fwp%2Fv2%2Fcomments&post=265"}],"version-history":[{"count":4,"href":"https:\/\/www.atamgroup.com.tr\/index.php?rest_route=\/wp\/v2\/pages\/265\/revisions"}],"predecessor-version":[{"id":270,"href":"https:\/\/www.atamgroup.com.tr\/index.php?rest_route=\/wp\/v2\/pages\/265\/revisions\/270"}],"wp:attachment":[{"href":"https:\/\/www.atamgroup.com.tr\/index.php?rest_route=%2Fwp%2Fv2%2Fmedia&parent=265"}],"curies":[{"name":"wp","href":"https:\/\/api.w.org\/{rel}","templated":true}]}}